{"id":2,"date":"2013-11-03T15:29:43","date_gmt":"2013-11-03T14:29:43","guid":{"rendered":"http:\/?page_id=2"},"modified":"2016-11-11T12:40:28","modified_gmt":"2016-11-11T11:40:28","slug":"beispiel-seite","status":"publish","type":"page","link":"http:\/\/rosenmira.de\/wordpress\/beispiel-seite\/","title":{"rendered":"\u00dcber mich"},"content":{"rendered":"<style type=\"text\/css\">\n\t<!-- @page { margin: 2cm } P { margin-bottom: 0.21cm } A:link { so-language: zxx } --><br \/>\t<\/style>\n<p><span style=\"color: #333333;\"><span style=\"font-family: 'Franklin Gothic Book', sans-serif;\"><span style=\"font-size: x-large;\">Mein Name ist Christine Kaiser, mein Hobby die Herstellung von handgearbeiteten Rosenkr\u00e4nzen. <\/span><\/span><\/span><\/p>\n<p><span style=\"color: #333333;\"><span style=\"font-family: 'Franklin Gothic Book', sans-serif;\"><span style=\"font-size: x-large;\">Am 01.10.2005 wurde durch die Gr\u00fcndung der Firma ROSENMIRA\u00ae mein Hobby zum Beruf. Als ich im Jahr 1999 auf einer Wallfahrt lernte, einen Rosenkranz zu kn\u00fcpfen, begann eine Leidenschaft, die bis heute anh\u00e4lt. Anfangs hatte ich nur eine bescheidene Auswahl an Materialien und konnte damit meine Kreativit\u00e4t nicht entfalten. Die m\u00fchsame aber erfolgreiche Suche nach einer gro\u00dfen Auswahl an Zutaten f\u00fcr die Rosenkranzherstellung hat sich gelohnt. In meiner Werkstatt entstanden immer abwechslungsreichere Modelle. Meine Kunden freuen sich, dass sie bei mir solide gearbeitete, einfarbige oder bunte, gew\u00f6hnliche oder aussergew\u00f6hnliche Rosenkr\u00e4nze erwerben k\u00f6nnen. Rosenkranzformen, die nicht so leicht zu bekommen sind, kann man bei mir finden bzw. herstellen lassen. Kundenw\u00fcnsche erf\u00fclle ich, soweit m\u00f6glich, gerne. Manche Rosenkr\u00e4nze sind ohne Herzst\u00fcckbild dargestellt. Hier k\u00f6nnen Sie aus den Herzst\u00fcckbildern ausw\u00e4hlen. Bei vielen Rosenkr\u00e4nzen habe ich 1 St\u00fcck im Angebot, bei Interesse kann ich aber mehrere davon herstellen. Sie d\u00fcrfen gerne\u00a0per Mail nachfragen oder mich anrufen.<\/span><\/span><\/span><\/p>\n<p><span style=\"color: #333333;\"><span style=\"font-family: 'Franklin Gothic Book', sans-serif;\"><span style=\"font-size: x-large;\">Mein Angebot wurde auch von anderen Rosenkranzkn\u00fcpfern entdeckt und sie k\u00f6nnen ihren Bedarf an Material bei mir erwerben (gr\u00f6\u00dfere Mengen bitte erfragen). Besonders f\u00fcr die Kommunionvorbereitung finden Gruppenleiter\/innen Anregungen und Material f\u00fcr ihre Gruppenarbeit. Da ich selbst jedes Jahr in verschiedenen Pfarrgemeinden zum Rosenkranzkn\u00fcpfen eingeladen bin, erlebe ich die Freude der Kinder an ihren selbst zusammengestellten Rosenkr\u00e4nzen.<\/span><\/span><\/span><\/p>\n<p><span style=\"color: #333333;\"><span style=\"font-family: 'Franklin Gothic Book', sans-serif;\"><span style=\"font-size: x-large;\">Mit der Er\u00f6ffnung des Internet-Shops wage ich nun einen weiteren Schritt. Ich hoffe, auf diesem Weg\u00a0noch mehr Menschen Freude an sch\u00f6nen Rosenkr\u00e4nzen bereiten zu k\u00f6nnen.<\/span><\/span><\/span><\/p>\n<p><span style=\"color: #333333;\"><span style=\"font-family: 'Franklin Gothic Book', sans-serif;\"><span style=\"font-size: x-large;\">Gottes Schutz und Segen w\u00fcnscht Ihnen<\/span><\/span><\/span><\/p>\n<p><span style=\"font-family: 'Franklin Gothic Book', sans-serif;\"><span style=\"font-size: x-large;\">Christine Kaiser<\/span><\/span><\/p>\n","protected":false},"excerpt":{"rendered":"<p>Mein Name ist Christine Kaiser, mein Hobby die Herstellung von handgearbeiteten Rosenkr\u00e4nzen. Am 01.10.2005 wurde durch die Gr\u00fcndung der Firma ROSENMIRA\u00ae mein Hobby zum Beruf. Als ich im Jahr 1999 auf einer Wallfahrt lernte, einen Rosenkranz zu kn\u00fcpfen, begann eine Leidenschaft, die bis heute anh\u00e4lt. Anfangs hatte ich nur eine bescheidene Auswahl an Materialien und [&hellip;]<\/p>\n","protected":false},"author":1,"featured_media":0,"parent":0,"menu_order":0,"comment_status":"open","ping_status":"closed","template":"template-fullwidth.php","meta":[],"_links":{"self":[{"href":"http:\/\/rosenmira.de\/wordpress\/wp-json\/wp\/v2\/pages\/2"}],"collection":[{"href":"http:\/\/rosenmira.de\/wordpress\/wp-json\/wp\/v2\/pages"}],"about":[{"href":"http:\/\/rosenmira.de\/wordpress\/wp-json\/wp\/v2\/types\/page"}],"author":[{"embeddable":true,"href":"http:\/\/rosenmira.de\/wordpress\/wp-json\/wp\/v2\/users\/1"}],"replies":[{"embeddable":true,"href":"http:\/\/rosenmira.de\/wordpress\/wp-json\/wp\/v2\/comments?post=2"}],"version-history":[{"count":12,"href":"http:\/\/rosenmira.de\/wordpress\/wp-json\/wp\/v2\/pages\/2\/revisions"}],"predecessor-version":[{"id":1711,"href":"http:\/\/rosenmira.de\/wordpress\/wp-json\/wp\/v2\/pages\/2\/revisions\/1711"}],"wp:attachment":[{"href":"http:\/\/rosenmira.de\/wordpress\/wp-json\/wp\/v2\/media?parent=2"}],"curies":[{"name":"wp","href":"https:\/\/api.w.org\/{rel}","templated":true}]}}